{"id":21340,"date":"2021-10-18T12:30:51","date_gmt":"2021-10-18T11:30:51","guid":{"rendered":"https:\/\/moonlightdreamswingerclub.com\/nuestras-normas\/"},"modified":"2026-02-08T18:42:50","modified_gmt":"2026-02-08T18:42:50","slug":"nuestras-normas","status":"publish","type":"page","link":"https:\/\/www.infinityswclub.com\/es\/nuestras-normas\/","title":{"rendered":"Nuestras Normas"},"content":{"rendered":"\t\t<div data-elementor-type=\"wp-page\" data-elementor-id=\"21340\" class=\"elementor elementor-21340 elementor-17278\">\n\t\t\t\t\t\t<section class=\"elementor-section elementor-top-section elementor-element elementor-element-5acd8500 scheme_dark elementor-section-content-middle elementor-section-boxed elementor-section-height-default elementor-section-height-default sc_fly_static\" data-id=\"5acd8500\" data-element_type=\"section\" data-settings=\"{&quot;background_background&quot;:&quot;classic&quot;}\">\n\t\t\t\t\t\t<div class=\"elementor-container elementor-column-gap-extended\">\n\t\t\t\t\t<div class=\"elementor-column elementor-col-50 elementor-top-column elementor-element elementor-element-6724f943 sc_inner_width_none sc_content_align_inherit sc_layouts_column_icons_position_left sc_fly_static\" data-id=\"6724f943\" data-element_type=\"column\">\n\t\t\t<div class=\"elementor-widget-wrap elementor-element-populated\">\n\t\t\t\t\t\t<div class=\"elementor-element elementor-element-cfdf526 sc_fly_static elementor-widget elementor-widget-spacer\" data-id=\"cfdf526\" data-element_type=\"widget\" data-widget_type=\"spacer.default\">\n\t\t\t\t<div class=\"elementor-widget-container\">\n\t\t\t\t\t\t\t<div class=\"elementor-spacer\">\n\t\t\t<div class=\"elementor-spacer-inner\"><\/div>\n\t\t<\/div>\n\t\t\t\t\t\t<\/div>\n\t\t\t\t<\/div>\n\t\t\t\t<div class=\"elementor-element elementor-element-4fcb7ca7 no-inner-padding sc_fly_static elementor-widget elementor-widget-trx_widget_slider\" data-id=\"4fcb7ca7\" data-element_type=\"widget\" id=\"controller-tools-4\" data-widget_type=\"trx_widget_slider.default\">\n\t\t\t\t<div class=\"elementor-widget-container\">\n\t\t\t\t\t<div id=\"controller-tools-4_sc\" class=\"widget_area sc_widget_slider\"><aside class=\"widget widget_slider\">\t\t\t<div class=\"slider_wrap slider_engine_swiper\">\n\t\t\t\t<div id=\"controller-tools-4_sc_swiper_outer\" class=\"slider_outer slider_swiper_outer slider_style_default slider_source_custom slider_outer_direction_horizontal slider_outer_one slider_outer_nopagination slider_outer_nocontrols slider_outer_nocentered slider_outer_overflow_hidden slider_outer_notitles slider_outer_height_auto\"><div id=\"controller-tools-4_sc_swiper\" class=\"slider_container slider_swiper swiper-slider-container slider_direction_horizontal slider_nopagination slider_one slider_type_bg slider_nocontrols slider_nocentered slider_overflow_hidden slider_notitles slider_resize slider_swipe slider_height_auto\" data-ratio=\"9:11\" data-interval=\"7000\" data-speed=\"600\" data-effect=\"fade\" data-pagination=\"bullets\" data-direction=\"horizontal\" data-slides-per-view=\"1\" data-slides-space=\"0\" data-slides-parallax=\"0\" data-slides-centered=\"0\" data-slides-overflow=\"0\" data-mouse-wheel=\"0\" data-autoplay=\"1\" data-loop=\"1\" data-free-mode=\"0\" data-slides-min-width=\"220\"><div class=\"slider-wrapper swiper-wrapper\"><div  class=\"slider-slide swiper-slide\" data-image=\"\/\/moonlightdreamswingerclub.com\/wp-content\/uploads\/2026\/02\/PHOTO-2026-01-27-12-35-22-e1770574730198.jpg\" style=\"background-image:url(\/\/moonlightdreamswingerclub.com\/wp-content\/uploads\/2026\/02\/PHOTO-2026-01-27-12-35-22-e1770574730198.jpg);\"><\/div><div  class=\"slider-slide swiper-slide\" data-image=\"\/\/moonlightdreamswingerclub.com\/wp-content\/uploads\/2026\/02\/PHOTO-2026-01-27-12-35-22-2-e1770575915853.jpg\" style=\"background-image:url(\/\/moonlightdreamswingerclub.com\/wp-content\/uploads\/2026\/02\/PHOTO-2026-01-27-12-35-22-2-e1770575915853.jpg);\"><\/div><\/div><\/div><\/div>\t\t\t<\/div>\n\t\t\t<\/aside><\/div>\t\t\t\t<\/div>\n\t\t\t\t<\/div>\n\t\t\t\t\t<\/div>\n\t\t<\/div>\n\t\t\t\t<div class=\"elementor-column elementor-col-50 elementor-top-column elementor-element elementor-element-38fd3fb sc_inner_width_none sc_content_align_inherit sc_layouts_column_icons_position_left sc_fly_static\" data-id=\"38fd3fb\" data-element_type=\"column\">\n\t\t\t<div class=\"elementor-widget-wrap elementor-element-populated\">\n\t\t\t\t\t\t<div class=\"elementor-element elementor-element-26897897 sc_layouts_hide_on_tablet sc_fly_static elementor-widget elementor-widget-spacer\" data-id=\"26897897\" data-element_type=\"widget\" data-widget_type=\"spacer.default\">\n\t\t\t\t<div class=\"elementor-widget-container\">\n\t\t\t\t\t\t\t<div class=\"elementor-spacer\">\n\t\t\t<div class=\"elementor-spacer-inner\"><\/div>\n\t\t<\/div>\n\t\t\t\t\t\t<\/div>\n\t\t\t\t<\/div>\n\t\t\t\t<div class=\"elementor-element elementor-element-4e3bdbab sc_fly_static elementor-widget elementor-widget-trx_sc_title\" data-id=\"4e3bdbab\" data-element_type=\"widget\" data-widget_type=\"trx_sc_title.default\">\n\t\t\t\t<div class=\"elementor-widget-container\">\n\t\t\t\t\t<div\t\tclass=\"sc_title sc_title_default\" ><span class=\"sc_item_subtitle sc_title_subtitle sc_item_subtitle_above sc_item_title_style_default\">para una cooperaci\u00f3n respetuosa y agradable<\/span><h1 class=\"sc_item_title sc_title_title sc_item_title_style_default sc_item_title_tag\"\n\t\t\t><span class=\"sc_item_title_text\">Normas del club<\/span><\/h1><\/div>\t\t\t\t<\/div>\n\t\t\t\t<\/div>\n\t\t\t\t<div class=\"elementor-element elementor-element-545fe360 sc_fly_static elementor-widget elementor-widget-spacer\" data-id=\"545fe360\" data-element_type=\"widget\" data-widget_type=\"spacer.default\">\n\t\t\t\t<div class=\"elementor-widget-container\">\n\t\t\t\t\t\t\t<div class=\"elementor-spacer\">\n\t\t\t<div class=\"elementor-spacer-inner\"><\/div>\n\t\t<\/div>\n\t\t\t\t\t\t<\/div>\n\t\t\t\t<\/div>\n\t\t\t\t<div class=\"elementor-element elementor-element-3fcdc42 sc_fly_static elementor-widget elementor-widget-text-editor\" data-id=\"3fcdc42\" data-element_type=\"widget\" data-widget_type=\"text-editor.default\">\n\t\t\t\t<div class=\"elementor-widget-container\">\n\t\t\t\t\t\t\t\t\t<p>Nuestro club swinger es un lugar en el que tanto parejas como solteros deben sentirse a gusto. Para que esto sea posible, es importante que todos nuestros hu\u00e9spedes conozcan las normas del club y las respeten. Solo as\u00ed podemos garantizar que todos disfruten de su estancia y pasen una velada agradable.  <\/p><p>1. Nuestra m\u00e1xima es: \u00abTodo se puede, nada se debe\u00bb.<\/p><p>2. Queda prohibido el acceso a menores de 18 a\u00f1os.<\/p><p>3. \u00a1Un \u00abno\u00bb es y seguir\u00e1 siendo un \u00abno\u00bb!<\/p><p>4. Nos reservamos el derecho a denegar la entrada a personas que ejerzan la prostituci\u00f3n, est\u00e9n ebrias, consuman drogas o presenten un aspecto descuidado.<\/p><p>5. Por motivos de seguridad, no est\u00e1 permitido llevar bebidas a las salas tem\u00e1ticas.<\/p><p>6. Para su higiene personal hay suficientes instalaciones, duchas, toallas, preservativos, etc. a su disposici\u00f3n. <\/p><p>7. Le rogamos que deposite los utensilios usados, como los preservativos, en las papeleras y contenedores previstos para ello.<\/p><p>8. \u00a1Los tel\u00e9fonos m\u00f3viles, c\u00e1maras fotogr\u00e1ficas y videoc\u00e1maras deben guardarse en las taquillas! Est\u00e1 estrictamente prohibido hacer fotos o grabar v\u00eddeos en toda la zona del club. <\/p><p>9. Por motivos de limpieza e higiene, rogamos que se utilicen toallas en la zona er\u00f3tica y que estas se depositen en los contenedores despu\u00e9s de su uso.<\/p><p>10. No se permite el uso de tacones altos en la zona de juego sobre las colchonetas.<\/p><p>11. No nos hacemos responsables de p\u00e9rdidas o robos.<\/p><p>12. Est\u00e1 totalmente prohibido fumar dentro de nuestro club. No obstante, disponemos de una zona acogedora que pod\u00e9is utilizar si dese\u00e1is fumar. <\/p><p>Si ten\u00e9is alguna duda o pregunta, no dud\u00e9is en acudir al bar. Estamos a vuestra disposici\u00f3n y os deseamos que disfrut\u00e9is y pas\u00e9is una estancia estupenda en el Infinity SW Club. <\/p>\t\t\t\t\t\t\t\t<\/div>\n\t\t\t\t<\/div>\n\t\t\t\t<div class=\"elementor-element elementor-element-3e2111a7 sc_fly_static elementor-widget elementor-widget-spacer\" data-id=\"3e2111a7\" data-element_type=\"widget\" data-widget_type=\"spacer.default\">\n\t\t\t\t<div class=\"elementor-widget-container\">\n\t\t\t\t\t\t\t<div class=\"elementor-spacer\">\n\t\t\t<div class=\"elementor-spacer-inner\"><\/div>\n\t\t<\/div>\n\t\t\t\t\t\t<\/div>\n\t\t\t\t<\/div>\n\t\t\t\t<div class=\"elementor-element elementor-element-1908d346 sc_layouts_hide_on_tablet sc_layouts_hide_on_mobile sc_fly_static elementor-widget elementor-widget-spacer\" data-id=\"1908d346\" data-element_type=\"widget\" data-widget_type=\"spacer.default\">\n\t\t\t\t<div class=\"elementor-widget-container\">\n\t\t\t\t\t\t\t<div class=\"elementor-spacer\">\n\t\t\t<div class=\"elementor-spacer-inner\"><\/div>\n\t\t<\/div>\n\t\t\t\t\t\t<\/div>\n\t\t\t\t<\/div>\n\t\t\t\t\t<\/div>\n\t\t<\/div>\n\t\t\t\t\t<\/div>\n\t\t<\/section>\n\t\t\t\t<\/div>\n\t\t","protected":false},"excerpt":{"rendered":"<p>para una cooperaci\u00f3n respetuosa y agradable Normas del club Nuestro club swinger es un lugar en el que tanto parejas como solteros deben sentirse a gusto. Para que esto sea&hellip;<\/p>\n","protected":false},"author":1,"featured_media":0,"parent":0,"menu_order":0,"comment_status":"closed","ping_status":"closed","template":"","meta":{"footnotes":""},"class_list":["post-21340","page","type-page","status-publish","hentry"],"yoast_head":"<!-- This site is optimized with the Yoast SEO plugin v26.9 - https:\/\/yoast.com\/product\/yoast-seo-wordpress\/ -->\n<title>Nuestras Normas - infinityswclub<\/title>\n<meta name=\"description\" content=\"Por favor, observe las siguientes reglas para una estancia respetuosa y agradable en nuestro club de swingers.\" \/>\n<meta name=\"robots\" content=\"index, follow, max-snippet:-1, max-image-preview:large, max-video-preview:-1\" \/>\n<link rel=\"canonical\" href=\"https:\/\/www.infinityswclub.com\/es\/nuestras-normas\/\" \/>\n<meta property=\"og:locale\" content=\"es_ES\" \/>\n<meta property=\"og:type\" content=\"article\" \/>\n<meta property=\"og:title\" content=\"Nuestras Normas - infinityswclub\" \/>\n<meta property=\"og:description\" content=\"Por favor, observe las siguientes reglas para una estancia respetuosa y agradable en nuestro club de swingers.\" \/>\n<meta property=\"og:url\" content=\"https:\/\/www.infinityswclub.com\/es\/nuestras-normas\/\" \/>\n<meta property=\"og:site_name\" content=\"infinityswclub\" \/>\n<meta property=\"article:publisher\" content=\"https:\/\/www.facebook.com\/moonlightswingerclub\/\" \/>\n<meta property=\"article:modified_time\" content=\"2026-02-08T18:42:50+00:00\" \/>\n<meta name=\"twitter:card\" content=\"summary_large_image\" \/>\n<meta name=\"twitter:label1\" content=\"Tiempo de lectura\" \/>\n\t<meta name=\"twitter:data1\" content=\"2 minutos\" \/>\n<script type=\"application\/ld+json\" class=\"yoast-schema-graph\">{\"@context\":\"https:\/\/schema.org\",\"@graph\":[{\"@type\":\"WebPage\",\"@id\":\"https:\/\/www.infinityswclub.com\/es\/nuestras-normas\/\",\"url\":\"https:\/\/www.infinityswclub.com\/es\/nuestras-normas\/\",\"name\":\"Nuestras Normas - infinityswclub\",\"isPartOf\":{\"@id\":\"https:\/\/www.infinityswclub.com\/es\/#website\"},\"datePublished\":\"2021-10-18T11:30:51+00:00\",\"dateModified\":\"2026-02-08T18:42:50+00:00\",\"description\":\"Por favor, observe las siguientes reglas para una estancia respetuosa y agradable en nuestro club de swingers.\",\"breadcrumb\":{\"@id\":\"https:\/\/www.infinityswclub.com\/es\/nuestras-normas\/#breadcrumb\"},\"inLanguage\":\"es\",\"potentialAction\":[{\"@type\":\"ReadAction\",\"target\":[\"https:\/\/www.infinityswclub.com\/es\/nuestras-normas\/\"]}]},{\"@type\":\"BreadcrumbList\",\"@id\":\"https:\/\/www.infinityswclub.com\/es\/nuestras-normas\/#breadcrumb\",\"itemListElement\":[{\"@type\":\"ListItem\",\"position\":1,\"name\":\"Startseite\",\"item\":\"https:\/\/www.infinityswclub.com\/es\/\"},{\"@type\":\"ListItem\",\"position\":2,\"name\":\"Nuestras Normas\"}]},{\"@type\":\"WebSite\",\"@id\":\"https:\/\/www.infinityswclub.com\/es\/#website\",\"url\":\"https:\/\/www.infinityswclub.com\/es\/\",\"name\":\"Moonlight Dream Swinger Club Gran Canaria\",\"description\":\"Moonlight Dream Swinger Club Gran Canaria\",\"publisher\":{\"@id\":\"https:\/\/www.infinityswclub.com\/es\/#organization\"},\"potentialAction\":[{\"@type\":\"SearchAction\",\"target\":{\"@type\":\"EntryPoint\",\"urlTemplate\":\"https:\/\/www.infinityswclub.com\/es\/?s={search_term_string}\"},\"query-input\":{\"@type\":\"PropertyValueSpecification\",\"valueRequired\":true,\"valueName\":\"search_term_string\"}}],\"inLanguage\":\"es\"},{\"@type\":\"Organization\",\"@id\":\"https:\/\/www.infinityswclub.com\/es\/#organization\",\"name\":\"Moonlight Dream Swinger Club Gran Canaria\",\"url\":\"https:\/\/www.infinityswclub.com\/es\/\",\"logo\":{\"@type\":\"ImageObject\",\"inLanguage\":\"es\",\"@id\":\"https:\/\/www.infinityswclub.com\/es\/#\/schema\/logo\/image\/\",\"url\":\"https:\/\/www.infinityswclub.com\/wp-content\/uploads\/2026\/01\/LOGO-INFINITY-OK.png\",\"contentUrl\":\"https:\/\/www.infinityswclub.com\/wp-content\/uploads\/2026\/01\/LOGO-INFINITY-OK.png\",\"width\":447,\"height\":179,\"caption\":\"Moonlight Dream Swinger Club Gran Canaria\"},\"image\":{\"@id\":\"https:\/\/www.infinityswclub.com\/es\/#\/schema\/logo\/image\/\"},\"sameAs\":[\"https:\/\/www.facebook.com\/moonlightswingerclub\/\"]}]}<\/script>\n<!-- \/ Yoast SEO plugin. -->","yoast_head_json":{"title":"Nuestras Normas - infinityswclub","description":"Por favor, observe las siguientes reglas para una estancia respetuosa y agradable en nuestro club de swingers.","robots":{"index":"index","follow":"follow","max-snippet":"max-snippet:-1","max-image-preview":"max-image-preview:large","max-video-preview":"max-video-preview:-1"},"canonical":"https:\/\/www.infinityswclub.com\/es\/nuestras-normas\/","og_locale":"es_ES","og_type":"article","og_title":"Nuestras Normas - infinityswclub","og_description":"Por favor, observe las siguientes reglas para una estancia respetuosa y agradable en nuestro club de swingers.","og_url":"https:\/\/www.infinityswclub.com\/es\/nuestras-normas\/","og_site_name":"infinityswclub","article_publisher":"https:\/\/www.facebook.com\/moonlightswingerclub\/","article_modified_time":"2026-02-08T18:42:50+00:00","twitter_card":"summary_large_image","twitter_misc":{"Tiempo de lectura":"2 minutos"},"schema":{"@context":"https:\/\/schema.org","@graph":[{"@type":"WebPage","@id":"https:\/\/www.infinityswclub.com\/es\/nuestras-normas\/","url":"https:\/\/www.infinityswclub.com\/es\/nuestras-normas\/","name":"Nuestras Normas - infinityswclub","isPartOf":{"@id":"https:\/\/www.infinityswclub.com\/es\/#website"},"datePublished":"2021-10-18T11:30:51+00:00","dateModified":"2026-02-08T18:42:50+00:00","description":"Por favor, observe las siguientes reglas para una estancia respetuosa y agradable en nuestro club de swingers.","breadcrumb":{"@id":"https:\/\/www.infinityswclub.com\/es\/nuestras-normas\/#breadcrumb"},"inLanguage":"es","potentialAction":[{"@type":"ReadAction","target":["https:\/\/www.infinityswclub.com\/es\/nuestras-normas\/"]}]},{"@type":"BreadcrumbList","@id":"https:\/\/www.infinityswclub.com\/es\/nuestras-normas\/#breadcrumb","itemListElement":[{"@type":"ListItem","position":1,"name":"Startseite","item":"https:\/\/www.infinityswclub.com\/es\/"},{"@type":"ListItem","position":2,"name":"Nuestras Normas"}]},{"@type":"WebSite","@id":"https:\/\/www.infinityswclub.com\/es\/#website","url":"https:\/\/www.infinityswclub.com\/es\/","name":"Moonlight Dream Swinger Club Gran Canaria","description":"Moonlight Dream Swinger Club Gran Canaria","publisher":{"@id":"https:\/\/www.infinityswclub.com\/es\/#organization"},"potentialAction":[{"@type":"SearchAction","target":{"@type":"EntryPoint","urlTemplate":"https:\/\/www.infinityswclub.com\/es\/?s={search_term_string}"},"query-input":{"@type":"PropertyValueSpecification","valueRequired":true,"valueName":"search_term_string"}}],"inLanguage":"es"},{"@type":"Organization","@id":"https:\/\/www.infinityswclub.com\/es\/#organization","name":"Moonlight Dream Swinger Club Gran Canaria","url":"https:\/\/www.infinityswclub.com\/es\/","logo":{"@type":"ImageObject","inLanguage":"es","@id":"https:\/\/www.infinityswclub.com\/es\/#\/schema\/logo\/image\/","url":"https:\/\/www.infinityswclub.com\/wp-content\/uploads\/2026\/01\/LOGO-INFINITY-OK.png","contentUrl":"https:\/\/www.infinityswclub.com\/wp-content\/uploads\/2026\/01\/LOGO-INFINITY-OK.png","width":447,"height":179,"caption":"Moonlight Dream Swinger Club Gran Canaria"},"image":{"@id":"https:\/\/www.infinityswclub.com\/es\/#\/schema\/logo\/image\/"},"sameAs":["https:\/\/www.facebook.com\/moonlightswingerclub\/"]}]}},"_links":{"self":[{"href":"https:\/\/www.infinityswclub.com\/es\/wp-json\/wp\/v2\/pages\/21340","targetHints":{"allow":["GET"]}}],"collection":[{"href":"https:\/\/www.infinityswclub.com\/es\/wp-json\/wp\/v2\/pages"}],"about":[{"href":"https:\/\/www.infinityswclub.com\/es\/wp-json\/wp\/v2\/types\/page"}],"author":[{"embeddable":true,"href":"https:\/\/www.infinityswclub.com\/es\/wp-json\/wp\/v2\/users\/1"}],"replies":[{"embeddable":true,"href":"https:\/\/www.infinityswclub.com\/es\/wp-json\/wp\/v2\/comments?post=21340"}],"version-history":[{"count":3,"href":"https:\/\/www.infinityswclub.com\/es\/wp-json\/wp\/v2\/pages\/21340\/revisions"}],"predecessor-version":[{"id":22116,"href":"https:\/\/www.infinityswclub.com\/es\/wp-json\/wp\/v2\/pages\/21340\/revisions\/22116"}],"wp:attachment":[{"href":"https:\/\/www.infinityswclub.com\/es\/wp-json\/wp\/v2\/media?parent=21340"}],"curies":[{"name":"wp","href":"https:\/\/api.w.org\/{rel}","templated":true}]}}