{"id":21323,"date":"2024-08-29T15:41:15","date_gmt":"2024-08-29T14:41:15","guid":{"rendered":"https:\/\/moonlightdreamswingerclub.com\/?page_id=21323"},"modified":"2026-02-28T19:50:43","modified_gmt":"2026-02-28T19:50:43","slug":"aviso-legal","status":"publish","type":"page","link":"https:\/\/www.infinityswclub.com\/es\/aviso-legal\/","title":{"rendered":"Aviso legal"},"content":{"rendered":"<h1>Aviso legal<\/h1>\n<div><\/div>\n<div><\/div>\n<div>\n<p>Giuseppe Richter<br \/>\nEinkaufscenter CC La Sandia<br \/>\nCalle Avenida Alemania n3 local n27<br \/>\n35100 Playa Del Ingles<\/p>\n<p><strong>Representado por:<\/strong><br \/>\nGiuseppe Richter<\/p>\n<p><strong>Contacto:<\/strong><br \/>\nTel\u00e9fono: 0034-646447134<br \/>\nE-Mail:\u00a0<a href=\"mailto:info@infinityswclub.com\">info@infinityswclub.com<\/a><\/p>\n<p><strong>CIF: X<\/strong>3182318S<\/p>\n<p><strong>Aviso legal:<\/strong><\/p>\n<p><strong>Responsabilidad por los contenidos<\/strong><\/p>\n<p>Los contenidos de nuestras p\u00e1ginas se han elaborado con el mayor esmero. Sin embargo, no podemos asumir ninguna responsabilidad por la exactitud, integridad y actualidad de los contenidos. Como proveedor de servicios, somos responsables de nuestros propios contenidos en estas p\u00e1ginas de acuerdo con el \u00a7 7 P\u00e1rrafo 1 DDG y la legislaci\u00f3n general. Sin embargo, seg\u00fan \u00a7\u00a7 8 a 10 DDG, como proveedor de servicios no estamos obligados a controlar la informaci\u00f3n ajena transmitida o almacenada ni a investigar circunstancias que indiquen una actividad ilegal. Esto no afecta a las obligaciones de eliminar o bloquear el uso de informaci\u00f3n de conformidad con la legislaci\u00f3n general. Eine diesbez\u00fcgliche Haftung ist jedoch erst ab dem Zeitpunkt der Kenntnis einer konkreten Rechtsverletzung m\u00f6glich. En cuanto tengamos conocimiento de tales infracciones, eliminaremos inmediatamente estos contenidos.<\/p>\n<p><strong>Responsabilidad de los enlaces<\/strong><\/p>\n<p>Nuestro sitio web contiene enlaces a sitios web externos de terceros sobre cuyo contenido no tenemos ninguna influencia. Por lo tanto, no podemos aceptar ninguna responsabilidad por este contenido de terceros. El respectivo proveedor u operador de las p\u00e1ginas es siempre responsable del contenido de las p\u00e1ginas enlazadas. Las p\u00e1ginas enlazadas fueron revisadas en el momento de su vinculaci\u00f3n para detectar posibles infracciones legales. En el momento de establecer el enlace no se detectaron contenidos ilegales. Sin embargo, el control permanente del contenido de las p\u00e1ginas enlazadas no es razonable sin pruebas concretas de una infracci\u00f3n. Si tenemos conocimiento de alguna infracci\u00f3n legal, eliminaremos dichos enlaces inmediatamente.<\/p>\n<p><strong>Derechos de autor<\/strong><\/p>\n<p>Los contenidos y obras creados por los operadores del sitio en estas p\u00e1ginas est\u00e1n sujetos a la legislaci\u00f3n alemana sobre derechos de autor. La reproducci\u00f3n, el procesamiento, la distribuci\u00f3n y cualquier tipo de utilizaci\u00f3n fuera de los l\u00edmites de la ley de derechos de autor requieren el consentimiento por escrito del respectivo autor o creador. Las descargas y copias de este sitio s\u00f3lo est\u00e1n permitidas para uso privado y no comercial. En la medida en que el contenido de este sitio no haya sido creado por el operador, se respetan los derechos de autor de terceros. En particular, los contenidos de terceros est\u00e1n etiquetados como tales. Sollten Sie trotzdem auf eine Urheberrechtsverletzung aufmerksam werden, bitten wir um einen entsprechenden Hinweis. Si tenemos conocimiento de alguna infracci\u00f3n, eliminaremos inmediatamente dicho contenido.<\/p>\n<p><strong>Protecci\u00f3n de datos<\/strong><\/p>\n<p>Por lo general, es posible utilizar nuestro sitio web sin necesidad de facilitar datos personales. En la medida en que en nuestro sitio web se recaben datos personales (por ejemplo, nombre, direcci\u00f3n o direcciones de correo electr\u00f3nico), siempre se har\u00e1, en la medida de lo posible, de forma voluntaria. Estos datos no se transmitir\u00e1n a terceros sin su consentimiento expreso.<br \/>\nAdvertimos que la transmisi\u00f3n de datos a trav\u00e9s de Internet (por ejemplo, en la comunicaci\u00f3n por correo electr\u00f3nico) puede estar sujeta a vulnerabilidades de seguridad. No es posible proteger completamente los datos contra el acceso de terceros. Por la presente se proh\u00edbe expresamente el uso de los datos de contacto publicados en el marco de la obligaci\u00f3n de pie de imprenta por parte de terceros para el env\u00edo de publicidad y material informativo no solicitados. Los operadores de este sitio web se reservan expresamente el derecho a emprender acciones legales en caso de env\u00edo no solicitado de informaci\u00f3n publicitaria, como correos electr\u00f3nicos basura.<\/p>\n<\/div>\n","protected":false},"excerpt":{"rendered":"<p>Aviso legal Giuseppe Richter Einkaufscenter CC La Sandia Calle Avenida Alemania n3 local n27 35100 Playa Del Ingles Representado por: Giuseppe Richter Contacto: Tel\u00e9fono: 0034-646447134 E-Mail:\u00a0info@infinityswclub.com CIF: X3182318S Aviso legal:&hellip;<\/p>\n","protected":false},"author":1,"featured_media":0,"parent":0,"menu_order":0,"comment_status":"closed","ping_status":"closed","template":"","meta":{"footnotes":""},"class_list":["post-21323","page","type-page","status-publish","hentry"],"yoast_head":"<!-- This site is optimized with the Yoast SEO plugin v26.9 - https:\/\/yoast.com\/product\/yoast-seo-wordpress\/ -->\n<title>Aviso legal - infinityswclub<\/title>\n<meta name=\"robots\" content=\"index, follow, max-snippet:-1, max-image-preview:large, max-video-preview:-1\" \/>\n<link rel=\"canonical\" href=\"https:\/\/www.infinityswclub.com\/es\/aviso-legal\/\" \/>\n<meta property=\"og:locale\" content=\"es_ES\" \/>\n<meta property=\"og:type\" content=\"article\" \/>\n<meta property=\"og:title\" content=\"Aviso legal - infinityswclub\" \/>\n<meta property=\"og:description\" content=\"Aviso legal Giuseppe Richter Einkaufscenter CC La Sandia Calle Avenida Alemania n3 local n27 35100 Playa Del Ingles Representado por: Giuseppe Richter Contacto: Tel\u00e9fono: 0034-646447134 E-Mail:\u00a0info@infinityswclub.com CIF: X3182318S Aviso legal:&hellip;\" \/>\n<meta property=\"og:url\" content=\"https:\/\/www.infinityswclub.com\/es\/aviso-legal\/\" \/>\n<meta property=\"og:site_name\" content=\"infinityswclub\" \/>\n<meta property=\"article:publisher\" content=\"https:\/\/www.facebook.com\/moonlightswingerclub\/\" \/>\n<meta property=\"article:modified_time\" content=\"2026-02-28T19:50:43+00:00\" \/>\n<meta name=\"twitter:card\" content=\"summary_large_image\" \/>\n<meta name=\"twitter:label1\" content=\"Tiempo de lectura\" \/>\n\t<meta name=\"twitter:data1\" content=\"4 minutos\" \/>\n<script type=\"application\/ld+json\" class=\"yoast-schema-graph\">{\"@context\":\"https:\/\/schema.org\",\"@graph\":[{\"@type\":\"WebPage\",\"@id\":\"https:\/\/www.infinityswclub.com\/es\/aviso-legal\/\",\"url\":\"https:\/\/www.infinityswclub.com\/es\/aviso-legal\/\",\"name\":\"Aviso legal - infinityswclub\",\"isPartOf\":{\"@id\":\"https:\/\/www.infinityswclub.com\/es\/#website\"},\"datePublished\":\"2024-08-29T14:41:15+00:00\",\"dateModified\":\"2026-02-28T19:50:43+00:00\",\"breadcrumb\":{\"@id\":\"https:\/\/www.infinityswclub.com\/es\/aviso-legal\/#breadcrumb\"},\"inLanguage\":\"es\",\"potentialAction\":[{\"@type\":\"ReadAction\",\"target\":[\"https:\/\/www.infinityswclub.com\/es\/aviso-legal\/\"]}]},{\"@type\":\"BreadcrumbList\",\"@id\":\"https:\/\/www.infinityswclub.com\/es\/aviso-legal\/#breadcrumb\",\"itemListElement\":[{\"@type\":\"ListItem\",\"position\":1,\"name\":\"Startseite\",\"item\":\"https:\/\/www.infinityswclub.com\/es\/\"},{\"@type\":\"ListItem\",\"position\":2,\"name\":\"Aviso legal\"}]},{\"@type\":\"WebSite\",\"@id\":\"https:\/\/www.infinityswclub.com\/es\/#website\",\"url\":\"https:\/\/www.infinityswclub.com\/es\/\",\"name\":\"Moonlight Dream Swinger Club Gran Canaria\",\"description\":\"Moonlight Dream Swinger Club Gran Canaria\",\"publisher\":{\"@id\":\"https:\/\/www.infinityswclub.com\/es\/#organization\"},\"potentialAction\":[{\"@type\":\"SearchAction\",\"target\":{\"@type\":\"EntryPoint\",\"urlTemplate\":\"https:\/\/www.infinityswclub.com\/es\/?s={search_term_string}\"},\"query-input\":{\"@type\":\"PropertyValueSpecification\",\"valueRequired\":true,\"valueName\":\"search_term_string\"}}],\"inLanguage\":\"es\"},{\"@type\":\"Organization\",\"@id\":\"https:\/\/www.infinityswclub.com\/es\/#organization\",\"name\":\"Moonlight Dream Swinger Club Gran Canaria\",\"url\":\"https:\/\/www.infinityswclub.com\/es\/\",\"logo\":{\"@type\":\"ImageObject\",\"inLanguage\":\"es\",\"@id\":\"https:\/\/www.infinityswclub.com\/es\/#\/schema\/logo\/image\/\",\"url\":\"https:\/\/www.infinityswclub.com\/wp-content\/uploads\/2026\/01\/LOGO-INFINITY-OK.png\",\"contentUrl\":\"https:\/\/www.infinityswclub.com\/wp-content\/uploads\/2026\/01\/LOGO-INFINITY-OK.png\",\"width\":447,\"height\":179,\"caption\":\"Moonlight Dream Swinger Club Gran Canaria\"},\"image\":{\"@id\":\"https:\/\/www.infinityswclub.com\/es\/#\/schema\/logo\/image\/\"},\"sameAs\":[\"https:\/\/www.facebook.com\/moonlightswingerclub\/\"]}]}<\/script>\n<!-- \/ Yoast SEO plugin. -->","yoast_head_json":{"title":"Aviso legal - infinityswclub","robots":{"index":"index","follow":"follow","max-snippet":"max-snippet:-1","max-image-preview":"max-image-preview:large","max-video-preview":"max-video-preview:-1"},"canonical":"https:\/\/www.infinityswclub.com\/es\/aviso-legal\/","og_locale":"es_ES","og_type":"article","og_title":"Aviso legal - infinityswclub","og_description":"Aviso legal Giuseppe Richter Einkaufscenter CC La Sandia Calle Avenida Alemania n3 local n27 35100 Playa Del Ingles Representado por: Giuseppe Richter Contacto: Tel\u00e9fono: 0034-646447134 E-Mail:\u00a0info@infinityswclub.com CIF: X3182318S Aviso legal:&hellip;","og_url":"https:\/\/www.infinityswclub.com\/es\/aviso-legal\/","og_site_name":"infinityswclub","article_publisher":"https:\/\/www.facebook.com\/moonlightswingerclub\/","article_modified_time":"2026-02-28T19:50:43+00:00","twitter_card":"summary_large_image","twitter_misc":{"Tiempo de lectura":"4 minutos"},"schema":{"@context":"https:\/\/schema.org","@graph":[{"@type":"WebPage","@id":"https:\/\/www.infinityswclub.com\/es\/aviso-legal\/","url":"https:\/\/www.infinityswclub.com\/es\/aviso-legal\/","name":"Aviso legal - infinityswclub","isPartOf":{"@id":"https:\/\/www.infinityswclub.com\/es\/#website"},"datePublished":"2024-08-29T14:41:15+00:00","dateModified":"2026-02-28T19:50:43+00:00","breadcrumb":{"@id":"https:\/\/www.infinityswclub.com\/es\/aviso-legal\/#breadcrumb"},"inLanguage":"es","potentialAction":[{"@type":"ReadAction","target":["https:\/\/www.infinityswclub.com\/es\/aviso-legal\/"]}]},{"@type":"BreadcrumbList","@id":"https:\/\/www.infinityswclub.com\/es\/aviso-legal\/#breadcrumb","itemListElement":[{"@type":"ListItem","position":1,"name":"Startseite","item":"https:\/\/www.infinityswclub.com\/es\/"},{"@type":"ListItem","position":2,"name":"Aviso legal"}]},{"@type":"WebSite","@id":"https:\/\/www.infinityswclub.com\/es\/#website","url":"https:\/\/www.infinityswclub.com\/es\/","name":"Moonlight Dream Swinger Club Gran Canaria","description":"Moonlight Dream Swinger Club Gran Canaria","publisher":{"@id":"https:\/\/www.infinityswclub.com\/es\/#organization"},"potentialAction":[{"@type":"SearchAction","target":{"@type":"EntryPoint","urlTemplate":"https:\/\/www.infinityswclub.com\/es\/?s={search_term_string}"},"query-input":{"@type":"PropertyValueSpecification","valueRequired":true,"valueName":"search_term_string"}}],"inLanguage":"es"},{"@type":"Organization","@id":"https:\/\/www.infinityswclub.com\/es\/#organization","name":"Moonlight Dream Swinger Club Gran Canaria","url":"https:\/\/www.infinityswclub.com\/es\/","logo":{"@type":"ImageObject","inLanguage":"es","@id":"https:\/\/www.infinityswclub.com\/es\/#\/schema\/logo\/image\/","url":"https:\/\/www.infinityswclub.com\/wp-content\/uploads\/2026\/01\/LOGO-INFINITY-OK.png","contentUrl":"https:\/\/www.infinityswclub.com\/wp-content\/uploads\/2026\/01\/LOGO-INFINITY-OK.png","width":447,"height":179,"caption":"Moonlight Dream Swinger Club Gran Canaria"},"image":{"@id":"https:\/\/www.infinityswclub.com\/es\/#\/schema\/logo\/image\/"},"sameAs":["https:\/\/www.facebook.com\/moonlightswingerclub\/"]}]}},"_links":{"self":[{"href":"https:\/\/www.infinityswclub.com\/es\/wp-json\/wp\/v2\/pages\/21323","targetHints":{"allow":["GET"]}}],"collection":[{"href":"https:\/\/www.infinityswclub.com\/es\/wp-json\/wp\/v2\/pages"}],"about":[{"href":"https:\/\/www.infinityswclub.com\/es\/wp-json\/wp\/v2\/types\/page"}],"author":[{"embeddable":true,"href":"https:\/\/www.infinityswclub.com\/es\/wp-json\/wp\/v2\/users\/1"}],"replies":[{"embeddable":true,"href":"https:\/\/www.infinityswclub.com\/es\/wp-json\/wp\/v2\/comments?post=21323"}],"version-history":[{"count":3,"href":"https:\/\/www.infinityswclub.com\/es\/wp-json\/wp\/v2\/pages\/21323\/revisions"}],"predecessor-version":[{"id":22615,"href":"https:\/\/www.infinityswclub.com\/es\/wp-json\/wp\/v2\/pages\/21323\/revisions\/22615"}],"wp:attachment":[{"href":"https:\/\/www.infinityswclub.com\/es\/wp-json\/wp\/v2\/media?parent=21323"}],"curies":[{"name":"wp","href":"https:\/\/api.w.org\/{rel}","templated":true}]}}