{"id":21335,"date":"2021-10-18T12:30:51","date_gmt":"2021-10-18T11:30:51","guid":{"rendered":"https:\/\/moonlightdreamswingerclub.com\/unsere-regeln\/"},"modified":"2026-02-08T18:42:50","modified_gmt":"2026-02-08T18:42:50","slug":"unsere-regeln","status":"publish","type":"page","link":"https:\/\/www.infinityswclub.com\/en\/unsere-regeln\/","title":{"rendered":"Our rules"},"content":{"rendered":"\t\t<div data-elementor-type=\"wp-page\" data-elementor-id=\"21335\" class=\"elementor elementor-21335 elementor-17278\">\n\t\t\t\t\t\t<section class=\"elementor-section elementor-top-section elementor-element elementor-element-5acd8500 scheme_dark elementor-section-content-middle elementor-section-boxed elementor-section-height-default elementor-section-height-default sc_fly_static\" data-id=\"5acd8500\" data-element_type=\"section\" data-settings=\"{&quot;background_background&quot;:&quot;classic&quot;}\">\n\t\t\t\t\t\t<div class=\"elementor-container elementor-column-gap-extended\">\n\t\t\t\t\t<div class=\"elementor-column elementor-col-50 elementor-top-column elementor-element elementor-element-6724f943 sc_inner_width_none sc_content_align_inherit sc_layouts_column_icons_position_left sc_fly_static\" data-id=\"6724f943\" data-element_type=\"column\">\n\t\t\t<div class=\"elementor-widget-wrap elementor-element-populated\">\n\t\t\t\t\t\t<div class=\"elementor-element elementor-element-cfdf526 sc_fly_static elementor-widget elementor-widget-spacer\" data-id=\"cfdf526\" data-element_type=\"widget\" data-widget_type=\"spacer.default\">\n\t\t\t\t<div class=\"elementor-widget-container\">\n\t\t\t\t\t\t\t<div class=\"elementor-spacer\">\n\t\t\t<div class=\"elementor-spacer-inner\"><\/div>\n\t\t<\/div>\n\t\t\t\t\t\t<\/div>\n\t\t\t\t<\/div>\n\t\t\t\t<div class=\"elementor-element elementor-element-4fcb7ca7 no-inner-padding sc_fly_static elementor-widget elementor-widget-trx_widget_slider\" data-id=\"4fcb7ca7\" data-element_type=\"widget\" id=\"controller-tools-4\" data-widget_type=\"trx_widget_slider.default\">\n\t\t\t\t<div class=\"elementor-widget-container\">\n\t\t\t\t\t<div id=\"controller-tools-4_sc\" class=\"widget_area sc_widget_slider\"><aside class=\"widget widget_slider\">\t\t\t<div class=\"slider_wrap slider_engine_swiper\">\n\t\t\t\t<div id=\"controller-tools-4_sc_swiper_outer\" class=\"slider_outer slider_swiper_outer slider_style_default slider_source_custom slider_outer_direction_horizontal slider_outer_one slider_outer_nopagination slider_outer_nocontrols slider_outer_nocentered slider_outer_overflow_hidden slider_outer_notitles slider_outer_height_auto\"><div id=\"controller-tools-4_sc_swiper\" class=\"slider_container slider_swiper swiper-slider-container slider_direction_horizontal slider_nopagination slider_one slider_type_bg slider_nocontrols slider_nocentered slider_overflow_hidden slider_notitles slider_resize slider_swipe slider_height_auto\" data-ratio=\"9:11\" data-interval=\"7000\" data-speed=\"600\" data-effect=\"fade\" data-pagination=\"bullets\" data-direction=\"horizontal\" data-slides-per-view=\"1\" data-slides-space=\"0\" data-slides-parallax=\"0\" data-slides-centered=\"0\" data-slides-overflow=\"0\" data-mouse-wheel=\"0\" data-autoplay=\"1\" data-loop=\"1\" data-free-mode=\"0\" data-slides-min-width=\"220\"><div class=\"slider-wrapper swiper-wrapper\"><div  class=\"slider-slide swiper-slide\" data-image=\"\/\/moonlightdreamswingerclub.com\/wp-content\/uploads\/2026\/02\/PHOTO-2026-01-27-12-35-22-e1770574730198.jpg\" style=\"background-image:url(\/\/moonlightdreamswingerclub.com\/wp-content\/uploads\/2026\/02\/PHOTO-2026-01-27-12-35-22-e1770574730198.jpg);\"><\/div><div  class=\"slider-slide swiper-slide\" data-image=\"\/\/moonlightdreamswingerclub.com\/wp-content\/uploads\/2026\/02\/PHOTO-2026-01-27-12-35-22-2-e1770575915853.jpg\" style=\"background-image:url(\/\/moonlightdreamswingerclub.com\/wp-content\/uploads\/2026\/02\/PHOTO-2026-01-27-12-35-22-2-e1770575915853.jpg);\"><\/div><\/div><\/div><\/div>\t\t\t<\/div>\n\t\t\t<\/aside><\/div>\t\t\t\t<\/div>\n\t\t\t\t<\/div>\n\t\t\t\t\t<\/div>\n\t\t<\/div>\n\t\t\t\t<div class=\"elementor-column elementor-col-50 elementor-top-column elementor-element elementor-element-38fd3fb sc_inner_width_none sc_content_align_inherit sc_layouts_column_icons_position_left sc_fly_static\" data-id=\"38fd3fb\" data-element_type=\"column\">\n\t\t\t<div class=\"elementor-widget-wrap elementor-element-populated\">\n\t\t\t\t\t\t<div class=\"elementor-element elementor-element-26897897 sc_layouts_hide_on_tablet sc_fly_static elementor-widget elementor-widget-spacer\" data-id=\"26897897\" data-element_type=\"widget\" data-widget_type=\"spacer.default\">\n\t\t\t\t<div class=\"elementor-widget-container\">\n\t\t\t\t\t\t\t<div class=\"elementor-spacer\">\n\t\t\t<div class=\"elementor-spacer-inner\"><\/div>\n\t\t<\/div>\n\t\t\t\t\t\t<\/div>\n\t\t\t\t<\/div>\n\t\t\t\t<div class=\"elementor-element elementor-element-4e3bdbab sc_fly_static elementor-widget elementor-widget-trx_sc_title\" data-id=\"4e3bdbab\" data-element_type=\"widget\" data-widget_type=\"trx_sc_title.default\">\n\t\t\t\t<div class=\"elementor-widget-container\">\n\t\t\t\t\t<div\t\tclass=\"sc_title sc_title_default\" ><span class=\"sc_item_subtitle sc_title_subtitle sc_item_subtitle_above sc_item_title_style_default\">for a respectful and pleasant co-operation<\/span><h1 class=\"sc_item_title sc_title_title sc_item_title_style_default sc_item_title_tag\"\n\t\t\t><span class=\"sc_item_title_text\">Our club rules<\/span><\/h1><\/div>\t\t\t\t<\/div>\n\t\t\t\t<\/div>\n\t\t\t\t<div class=\"elementor-element elementor-element-545fe360 sc_fly_static elementor-widget elementor-widget-spacer\" data-id=\"545fe360\" data-element_type=\"widget\" data-widget_type=\"spacer.default\">\n\t\t\t\t<div class=\"elementor-widget-container\">\n\t\t\t\t\t\t\t<div class=\"elementor-spacer\">\n\t\t\t<div class=\"elementor-spacer-inner\"><\/div>\n\t\t<\/div>\n\t\t\t\t\t\t<\/div>\n\t\t\t\t<\/div>\n\t\t\t\t<div class=\"elementor-element elementor-element-3fcdc42 sc_fly_static elementor-widget elementor-widget-text-editor\" data-id=\"3fcdc42\" data-element_type=\"widget\" data-widget_type=\"text-editor.default\">\n\t\t\t\t<div class=\"elementor-widget-container\">\n\t\t\t\t\t\t\t\t\t<p>Our swingers club is a place where couples and singles should feel comfortable. To ensure this, it is important that all our guests are familiar with the club rules and adhere to them. This is the only way we can guarantee that everyone enjoys their stay and has a pleasant evening. Denn nur so k\u00f6nnen wir gew\u00e4hrleisten, dass alle ihren Aufenthalt genie\u00dfen und einen angenehmen Abend verbringen.  <\/p><p>1. Our top priority is: \u201cEverything is allowed \u2013 nothing is mandatory.\u201d<\/p><p>2. Persons under the age of 18 are not permitted to enter.<\/p><p>3. No means no!<\/p><p>4. We reserve the right to refuse entry to persons who engage in prostitution, are drunk, consume drugs or appear unkempt.<\/p><p>5. For safety reasons, drinks are not permitted in the themed rooms.<\/p><p>6. Sufficient facilities, showers, bath towels, condoms, etc. are available for your personal hygiene. <\/p><p>7. We kindly ask you to dispose of used items such as condoms in the designated bins and containers.<\/p><p>8. Mobile phones, cameras and video cameras must be stored in your locker! Photography and filming are strictly prohibited throughout the entire club area.n. <\/p><p>9. For reasons of cleanliness and hygiene, we ask that you always use towels in the erotic area and place them in the bins after use.<\/p><p>10. High heels are not permitted on the mats in the play area.<\/p><p>11. We cannot accept any liability for loss or theft.<\/p><p>12. Smoking is strictly prohibited within our club. Of course, we have a cosy area where you can smoke outside. Selbstverst\u00e4ndlich haben wir aber einen gem\u00fctlichen Bereich, den ihr nutzen k\u00f6nnt, wenn ihr gerne rauchen m\u00f6chtet. <\/p><p>If you have any concerns or questions, please feel free to contact the bar. We are here for you and wish you lots of fun and a great stay at the Infinity SW Club! <\/p>\t\t\t\t\t\t\t\t<\/div>\n\t\t\t\t<\/div>\n\t\t\t\t<div class=\"elementor-element elementor-element-3e2111a7 sc_fly_static elementor-widget elementor-widget-spacer\" data-id=\"3e2111a7\" data-element_type=\"widget\" data-widget_type=\"spacer.default\">\n\t\t\t\t<div class=\"elementor-widget-container\">\n\t\t\t\t\t\t\t<div class=\"elementor-spacer\">\n\t\t\t<div class=\"elementor-spacer-inner\"><\/div>\n\t\t<\/div>\n\t\t\t\t\t\t<\/div>\n\t\t\t\t<\/div>\n\t\t\t\t<div class=\"elementor-element elementor-element-1908d346 sc_layouts_hide_on_tablet sc_layouts_hide_on_mobile sc_fly_static elementor-widget elementor-widget-spacer\" data-id=\"1908d346\" data-element_type=\"widget\" data-widget_type=\"spacer.default\">\n\t\t\t\t<div class=\"elementor-widget-container\">\n\t\t\t\t\t\t\t<div class=\"elementor-spacer\">\n\t\t\t<div class=\"elementor-spacer-inner\"><\/div>\n\t\t<\/div>\n\t\t\t\t\t\t<\/div>\n\t\t\t\t<\/div>\n\t\t\t\t\t<\/div>\n\t\t<\/div>\n\t\t\t\t\t<\/div>\n\t\t<\/section>\n\t\t\t\t<\/div>\n\t\t","protected":false},"excerpt":{"rendered":"<p>for a respectful and pleasant co-operation Our club rules Our swingers club is a place where couples and singles should feel comfortable. To ensure this, it is important that all&hellip;<\/p>\n","protected":false},"author":1,"featured_media":0,"parent":0,"menu_order":0,"comment_status":"closed","ping_status":"closed","template":"","meta":{"footnotes":""},"class_list":["post-21335","page","type-page","status-publish","hentry"],"yoast_head":"<!-- This site is optimized with the Yoast SEO plugin v26.9 - https:\/\/yoast.com\/product\/yoast-seo-wordpress\/ -->\n<title>Our rules - infinityswclub<\/title>\n<meta name=\"description\" content=\"Please observe the following rules for a respectful and pleasant stay in our swingers club.\" \/>\n<meta name=\"robots\" content=\"index, follow, max-snippet:-1, max-image-preview:large, max-video-preview:-1\" \/>\n<link rel=\"canonical\" href=\"https:\/\/www.infinityswclub.com\/en\/unsere-regeln\/\" \/>\n<meta property=\"og:locale\" content=\"en_US\" \/>\n<meta property=\"og:type\" content=\"article\" \/>\n<meta property=\"og:title\" content=\"Our rules - infinityswclub\" \/>\n<meta property=\"og:description\" content=\"Please observe the following rules for a respectful and pleasant stay in our swingers club.\" \/>\n<meta property=\"og:url\" content=\"https:\/\/www.infinityswclub.com\/en\/unsere-regeln\/\" \/>\n<meta property=\"og:site_name\" content=\"infinityswclub\" \/>\n<meta property=\"article:publisher\" content=\"https:\/\/www.facebook.com\/moonlightswingerclub\/\" \/>\n<meta property=\"article:modified_time\" content=\"2026-02-08T18:42:50+00:00\" \/>\n<meta name=\"twitter:card\" content=\"summary_large_image\" \/>\n<meta name=\"twitter:label1\" content=\"Est. reading time\" \/>\n\t<meta name=\"twitter:data1\" content=\"2 minutes\" \/>\n<script type=\"application\/ld+json\" class=\"yoast-schema-graph\">{\"@context\":\"https:\/\/schema.org\",\"@graph\":[{\"@type\":\"WebPage\",\"@id\":\"https:\/\/www.infinityswclub.com\/en\/unsere-regeln\/\",\"url\":\"https:\/\/www.infinityswclub.com\/en\/unsere-regeln\/\",\"name\":\"Our rules - infinityswclub\",\"isPartOf\":{\"@id\":\"https:\/\/www.infinityswclub.com\/en\/#website\"},\"datePublished\":\"2021-10-18T11:30:51+00:00\",\"dateModified\":\"2026-02-08T18:42:50+00:00\",\"description\":\"Please observe the following rules for a respectful and pleasant stay in our swingers club.\",\"breadcrumb\":{\"@id\":\"https:\/\/www.infinityswclub.com\/en\/unsere-regeln\/#breadcrumb\"},\"inLanguage\":\"en-US\",\"potentialAction\":[{\"@type\":\"ReadAction\",\"target\":[\"https:\/\/www.infinityswclub.com\/en\/unsere-regeln\/\"]}]},{\"@type\":\"BreadcrumbList\",\"@id\":\"https:\/\/www.infinityswclub.com\/en\/unsere-regeln\/#breadcrumb\",\"itemListElement\":[{\"@type\":\"ListItem\",\"position\":1,\"name\":\"Startseite\",\"item\":\"https:\/\/www.infinityswclub.com\/en\/\"},{\"@type\":\"ListItem\",\"position\":2,\"name\":\"Our rules\"}]},{\"@type\":\"WebSite\",\"@id\":\"https:\/\/www.infinityswclub.com\/en\/#website\",\"url\":\"https:\/\/www.infinityswclub.com\/en\/\",\"name\":\"Moonlight Dream Swinger Club Gran Canaria\",\"description\":\"Moonlight Dream Swinger Club Gran Canaria\",\"publisher\":{\"@id\":\"https:\/\/www.infinityswclub.com\/en\/#organization\"},\"potentialAction\":[{\"@type\":\"SearchAction\",\"target\":{\"@type\":\"EntryPoint\",\"urlTemplate\":\"https:\/\/www.infinityswclub.com\/en\/?s={search_term_string}\"},\"query-input\":{\"@type\":\"PropertyValueSpecification\",\"valueRequired\":true,\"valueName\":\"search_term_string\"}}],\"inLanguage\":\"en-US\"},{\"@type\":\"Organization\",\"@id\":\"https:\/\/www.infinityswclub.com\/en\/#organization\",\"name\":\"Moonlight Dream Swinger Club Gran Canaria\",\"url\":\"https:\/\/www.infinityswclub.com\/en\/\",\"logo\":{\"@type\":\"ImageObject\",\"inLanguage\":\"en-US\",\"@id\":\"https:\/\/www.infinityswclub.com\/en\/#\/schema\/logo\/image\/\",\"url\":\"https:\/\/www.infinityswclub.com\/wp-content\/uploads\/2026\/01\/LOGO-INFINITY-OK.png\",\"contentUrl\":\"https:\/\/www.infinityswclub.com\/wp-content\/uploads\/2026\/01\/LOGO-INFINITY-OK.png\",\"width\":447,\"height\":179,\"caption\":\"Moonlight Dream Swinger Club Gran Canaria\"},\"image\":{\"@id\":\"https:\/\/www.infinityswclub.com\/en\/#\/schema\/logo\/image\/\"},\"sameAs\":[\"https:\/\/www.facebook.com\/moonlightswingerclub\/\"]}]}<\/script>\n<!-- \/ Yoast SEO plugin. -->","yoast_head_json":{"title":"Our rules - infinityswclub","description":"Please observe the following rules for a respectful and pleasant stay in our swingers club.","robots":{"index":"index","follow":"follow","max-snippet":"max-snippet:-1","max-image-preview":"max-image-preview:large","max-video-preview":"max-video-preview:-1"},"canonical":"https:\/\/www.infinityswclub.com\/en\/unsere-regeln\/","og_locale":"en_US","og_type":"article","og_title":"Our rules - infinityswclub","og_description":"Please observe the following rules for a respectful and pleasant stay in our swingers club.","og_url":"https:\/\/www.infinityswclub.com\/en\/unsere-regeln\/","og_site_name":"infinityswclub","article_publisher":"https:\/\/www.facebook.com\/moonlightswingerclub\/","article_modified_time":"2026-02-08T18:42:50+00:00","twitter_card":"summary_large_image","twitter_misc":{"Est. reading time":"2 minutes"},"schema":{"@context":"https:\/\/schema.org","@graph":[{"@type":"WebPage","@id":"https:\/\/www.infinityswclub.com\/en\/unsere-regeln\/","url":"https:\/\/www.infinityswclub.com\/en\/unsere-regeln\/","name":"Our rules - infinityswclub","isPartOf":{"@id":"https:\/\/www.infinityswclub.com\/en\/#website"},"datePublished":"2021-10-18T11:30:51+00:00","dateModified":"2026-02-08T18:42:50+00:00","description":"Please observe the following rules for a respectful and pleasant stay in our swingers club.","breadcrumb":{"@id":"https:\/\/www.infinityswclub.com\/en\/unsere-regeln\/#breadcrumb"},"inLanguage":"en-US","potentialAction":[{"@type":"ReadAction","target":["https:\/\/www.infinityswclub.com\/en\/unsere-regeln\/"]}]},{"@type":"BreadcrumbList","@id":"https:\/\/www.infinityswclub.com\/en\/unsere-regeln\/#breadcrumb","itemListElement":[{"@type":"ListItem","position":1,"name":"Startseite","item":"https:\/\/www.infinityswclub.com\/en\/"},{"@type":"ListItem","position":2,"name":"Our rules"}]},{"@type":"WebSite","@id":"https:\/\/www.infinityswclub.com\/en\/#website","url":"https:\/\/www.infinityswclub.com\/en\/","name":"Moonlight Dream Swinger Club Gran Canaria","description":"Moonlight Dream Swinger Club Gran Canaria","publisher":{"@id":"https:\/\/www.infinityswclub.com\/en\/#organization"},"potentialAction":[{"@type":"SearchAction","target":{"@type":"EntryPoint","urlTemplate":"https:\/\/www.infinityswclub.com\/en\/?s={search_term_string}"},"query-input":{"@type":"PropertyValueSpecification","valueRequired":true,"valueName":"search_term_string"}}],"inLanguage":"en-US"},{"@type":"Organization","@id":"https:\/\/www.infinityswclub.com\/en\/#organization","name":"Moonlight Dream Swinger Club Gran Canaria","url":"https:\/\/www.infinityswclub.com\/en\/","logo":{"@type":"ImageObject","inLanguage":"en-US","@id":"https:\/\/www.infinityswclub.com\/en\/#\/schema\/logo\/image\/","url":"https:\/\/www.infinityswclub.com\/wp-content\/uploads\/2026\/01\/LOGO-INFINITY-OK.png","contentUrl":"https:\/\/www.infinityswclub.com\/wp-content\/uploads\/2026\/01\/LOGO-INFINITY-OK.png","width":447,"height":179,"caption":"Moonlight Dream Swinger Club Gran Canaria"},"image":{"@id":"https:\/\/www.infinityswclub.com\/en\/#\/schema\/logo\/image\/"},"sameAs":["https:\/\/www.facebook.com\/moonlightswingerclub\/"]}]}},"_links":{"self":[{"href":"https:\/\/www.infinityswclub.com\/en\/wp-json\/wp\/v2\/pages\/21335","targetHints":{"allow":["GET"]}}],"collection":[{"href":"https:\/\/www.infinityswclub.com\/en\/wp-json\/wp\/v2\/pages"}],"about":[{"href":"https:\/\/www.infinityswclub.com\/en\/wp-json\/wp\/v2\/types\/page"}],"author":[{"embeddable":true,"href":"https:\/\/www.infinityswclub.com\/en\/wp-json\/wp\/v2\/users\/1"}],"replies":[{"embeddable":true,"href":"https:\/\/www.infinityswclub.com\/en\/wp-json\/wp\/v2\/comments?post=21335"}],"version-history":[{"count":3,"href":"https:\/\/www.infinityswclub.com\/en\/wp-json\/wp\/v2\/pages\/21335\/revisions"}],"predecessor-version":[{"id":22115,"href":"https:\/\/www.infinityswclub.com\/en\/wp-json\/wp\/v2\/pages\/21335\/revisions\/22115"}],"wp:attachment":[{"href":"https:\/\/www.infinityswclub.com\/en\/wp-json\/wp\/v2\/media?parent=21335"}],"curies":[{"name":"wp","href":"https:\/\/api.w.org\/{rel}","templated":true}]}}